{"id":873,"date":"2023-09-27T09:53:41","date_gmt":"2023-09-27T07:53:41","guid":{"rendered":"https:\/\/www.seragentegenerali.es\/?page_id=873"},"modified":"2023-10-02T11:42:49","modified_gmt":"2023-10-02T09:42:49","slug":"crea-tu-propio-pitch-deck","status":"publish","type":"page","link":"https:\/\/www.generali.es\/ser-agente\/crea-tu-propio-pitch-deck\/","title":{"rendered":"Crea tu propio Pitch Deck"},"content":{"rendered":"<p>Un pitch deck es una presentaci\u00f3n, por medio de diapositivas, con el objetivo de presentar una idea o proyecto de negocio. Debe contener no m\u00e1s de 20 diapositivas y despertar el inter\u00e9s en potenciales inversores y clientes. Suele ser utilizado por comerciales y emprendedores.<\/p>\n<h2><b>\u00bfPor qu\u00e9 descargarme la plantilla del Pitch Deck?<\/b><\/h2>\n<ul>\n<li style=\"font-weight: 400;\" aria-level=\"1\"><b>Conocer la estructura de un pitch deck: <\/b>a trav\u00e9s de esta gu\u00eda completa conocer\u00e1s las diferentes secciones que componen este tipo de documentos y aprender\u00e1s c\u00f3mo completarlas.<\/li>\n<li style=\"font-weight: 400;\" aria-level=\"1\"><b>Tener una plantilla customizable para crear mi pitch deck: <\/b>adem\u00e1s, podr\u00e1s obtener una plantilla 100% editable, que te permitir\u00e1 editarla y adaptarla a la imagen de tu empresa.<\/li>\n<li style=\"font-weight: 400;\" aria-level=\"1\"><b>Acelerar el proceso de obtener inversores o clientes:<\/b> podr\u00e1s reducir el proceso de aprendizaje y los tiempos para crear estos tipos de materiales y centrarte en lo importante, vender tu producto u obtener inversores para tu negocio.<\/li>\n<\/ul>\n<h2><b>\u00bfQu\u00e9 voy a encontrar en este manual para crear un Pitch Deck?<\/b><\/h2>\n<p><strong>A trav\u00e9s de esta plantilla editable queremos facilitarte una presentaci\u00f3n, totalmente editable y customizable<\/strong>, con la estructura de un pitch deck e indicaciones que facilitar\u00e1n prepararlo para futuras reuniones, con clientes o potenciales inversores. Para ello, podr\u00e1s encontrar:<\/p>\n<ul>\n<li style=\"font-weight: 400;\" aria-level=\"1\">Definici\u00f3n y objetivos de un Pitch Deck.<\/li>\n<li style=\"font-weight: 400;\" aria-level=\"1\">Casos de \u00e9xito: pitch deck Airbnb, Uber y LinkedIn<\/li>\n<li style=\"font-weight: 400;\" aria-level=\"1\">\u00bfQu\u00e9 preguntas debe responder este tipo de documentos?<\/li>\n<li style=\"font-weight: 400;\" aria-level=\"1\">Plantilla e instrucciones para completar:\n<ul>\n<li style=\"font-weight: 400;\" aria-level=\"2\">Presentaci\u00f3n<\/li>\n<li style=\"font-weight: 400;\" aria-level=\"2\">El problema<\/li>\n<li style=\"font-weight: 400;\" aria-level=\"2\">La soluci\u00f3n<\/li>\n<li style=\"font-weight: 400;\" aria-level=\"2\">El mercado<\/li>\n<li style=\"font-weight: 400;\" aria-level=\"2\">Modelo de negocio<\/li>\n<li style=\"font-weight: 400;\" aria-level=\"2\">Propuesta de valor \u00fanica<\/li>\n<li style=\"font-weight: 400;\" aria-level=\"2\">Estrategia Go-to-Market<\/li>\n<li style=\"font-weight: 400;\" aria-level=\"2\">Competencia<\/li>\n<li style=\"font-weight: 400;\" aria-level=\"2\">El equipo<\/li>\n<li style=\"font-weight: 400;\" aria-level=\"2\">Proyecciones financieras<\/li>\n<li style=\"font-weight: 400;\" aria-level=\"2\">Estado actual y pr\u00f3ximos pasos<\/li>\n<li style=\"font-weight: 400;\" aria-level=\"2\">Contacto<\/li>\n<\/ul>\n<\/li>\n<\/ul>\n","protected":false},"excerpt":{"rendered":"<p>Un pitch deck es una presentaci\u00f3n, por medio de diapositivas, &#8230;<\/p>\n","protected":false},"author":8,"featured_media":904,"parent":0,"menu_order":0,"comment_status":"closed","ping_status":"closed","template":"page-landing.php","meta":{"_acf_changed":false,"inline_featured_image":false,"footnotes":""},"class_list":["post-873","page","type-page","status-publish","has-post-thumbnail","hentry"],"acf":[],"yoast_head":"<!-- This site is optimized with the Yoast SEO plugin v25.9 - https:\/\/yoast.com\/wordpress\/plugins\/seo\/ -->\n<title>Plantilla Pitch Deck descargar<\/title>\n<meta name=\"description\" content=\"Plantilla editable totalmente editable y customizable, con la estructura de un pitch deck e indicaciones que facilitar\u00e1n prepararlo para futuras reuniones, con clientes o potenciales inversores.\" \/>\n<meta name=\"robots\" content=\"index, follow, max-snippet:-1, max-image-preview:large, max-video-preview:-1\" \/>\n<link rel=\"canonical\" href=\"https:\/\/www.generali.es\/ser-agente\/crea-tu-propio-pitch-deck\/\" \/>\n<meta property=\"og:locale\" content=\"es_ES\" \/>\n<meta property=\"og:type\" content=\"article\" \/>\n<meta property=\"og:title\" content=\"Plantilla Pitch Deck descargar\" \/>\n<meta property=\"og:description\" content=\"Plantilla editable totalmente editable y customizable, con la estructura de un pitch deck e indicaciones que facilitar\u00e1n prepararlo para futuras reuniones, con clientes o potenciales inversores.\" \/>\n<meta property=\"og:url\" content=\"https:\/\/www.generali.es\/ser-agente\/crea-tu-propio-pitch-deck\/\" \/>\n<meta property=\"og:site_name\" content=\"Generali\" \/>\n<meta property=\"article:modified_time\" content=\"2023-10-02T09:42:49+00:00\" \/>\n<meta property=\"og:image\" content=\"https:\/\/www.generali.es\/ser-agente\/wp-content\/uploads\/2023\/09\/Mockup_libro.png\" \/>\n\t<meta property=\"og:image:width\" content=\"1940\" \/>\n\t<meta property=\"og:image:height\" content=\"1456\" \/>\n\t<meta property=\"og:image:type\" content=\"image\/png\" \/>\n<meta name=\"twitter:card\" content=\"summary_large_image\" \/>\n<meta name=\"twitter:site\" content=\"@GENERALI_es\" \/>\n<meta name=\"twitter:label1\" content=\"Tiempo de lectura\" \/>\n\t<meta name=\"twitter:data1\" content=\"2 minutos\" \/>\n<script type=\"application\/ld+json\" class=\"yoast-schema-graph\">{\"@context\":\"https:\/\/schema.org\",\"@graph\":[{\"@type\":\"WebPage\",\"@id\":\"https:\/\/www.generali.es\/ser-agente\/crea-tu-propio-pitch-deck\/\",\"url\":\"https:\/\/www.generali.es\/ser-agente\/crea-tu-propio-pitch-deck\/\",\"name\":\"Plantilla Pitch Deck descargar\",\"isPartOf\":{\"@id\":\"https:\/\/www.generali.es\/ser-agente\/#website\"},\"primaryImageOfPage\":{\"@id\":\"https:\/\/www.generali.es\/ser-agente\/crea-tu-propio-pitch-deck\/#primaryimage\"},\"image\":{\"@id\":\"https:\/\/www.generali.es\/ser-agente\/crea-tu-propio-pitch-deck\/#primaryimage\"},\"thumbnailUrl\":\"https:\/\/www.generali.es\/ser-agente\/wp-content\/uploads\/2023\/09\/Mockup_libro.png\",\"datePublished\":\"2023-09-27T07:53:41+00:00\",\"dateModified\":\"2023-10-02T09:42:49+00:00\",\"description\":\"Plantilla editable totalmente editable y customizable, con la estructura de un pitch deck e indicaciones que facilitar\u00e1n prepararlo para futuras reuniones, con clientes o potenciales inversores.\",\"breadcrumb\":{\"@id\":\"https:\/\/www.generali.es\/ser-agente\/crea-tu-propio-pitch-deck\/#breadcrumb\"},\"inLanguage\":\"es\",\"potentialAction\":[{\"@type\":\"ReadAction\",\"target\":[\"https:\/\/www.generali.es\/ser-agente\/crea-tu-propio-pitch-deck\/\"]}]},{\"@type\":\"ImageObject\",\"inLanguage\":\"es\",\"@id\":\"https:\/\/www.generali.es\/ser-agente\/crea-tu-propio-pitch-deck\/#primaryimage\",\"url\":\"https:\/\/www.generali.es\/ser-agente\/wp-content\/uploads\/2023\/09\/Mockup_libro.png\",\"contentUrl\":\"https:\/\/www.generali.es\/ser-agente\/wp-content\/uploads\/2023\/09\/Mockup_libro.png\",\"width\":1940,\"height\":1456,\"caption\":\"Pitch Deck: descarga ahora plantilla\"},{\"@type\":\"BreadcrumbList\",\"@id\":\"https:\/\/www.generali.es\/ser-agente\/crea-tu-propio-pitch-deck\/#breadcrumb\",\"itemListElement\":[{\"@type\":\"ListItem\",\"position\":1,\"name\":\"Portada\",\"item\":\"https:\/\/www.generali.es\/ser-agente\/\"},{\"@type\":\"ListItem\",\"position\":2,\"name\":\"Crea tu propio Pitch Deck\"}]},{\"@type\":\"WebSite\",\"@id\":\"https:\/\/www.generali.es\/ser-agente\/#website\",\"url\":\"https:\/\/www.generali.es\/ser-agente\/\",\"name\":\"Agentes de seguros GENERALI\",\"description\":\"Generali Agentes de Seguros\",\"potentialAction\":[],\"inLanguage\":\"es\"}]}<\/script>\n<!-- \/ Yoast SEO plugin. -->","yoast_head_json":{"title":"Plantilla Pitch Deck descargar","description":"Plantilla editable totalmente editable y customizable, con la estructura de un pitch deck e indicaciones que facilitar\u00e1n prepararlo para futuras reuniones, con clientes o potenciales inversores.","robots":{"index":"index","follow":"follow","max-snippet":"max-snippet:-1","max-image-preview":"max-image-preview:large","max-video-preview":"max-video-preview:-1"},"canonical":"https:\/\/www.generali.es\/ser-agente\/crea-tu-propio-pitch-deck\/","og_locale":"es_ES","og_type":"article","og_title":"Plantilla Pitch Deck descargar","og_description":"Plantilla editable totalmente editable y customizable, con la estructura de un pitch deck e indicaciones que facilitar\u00e1n prepararlo para futuras reuniones, con clientes o potenciales inversores.","og_url":"https:\/\/www.generali.es\/ser-agente\/crea-tu-propio-pitch-deck\/","og_site_name":"Generali","article_modified_time":"2023-10-02T09:42:49+00:00","og_image":[{"width":1940,"height":1456,"url":"https:\/\/www.generali.es\/ser-agente\/wp-content\/uploads\/2023\/09\/Mockup_libro.png","type":"image\/png"}],"twitter_card":"summary_large_image","twitter_site":"@GENERALI_es","twitter_misc":{"Tiempo de lectura":"2 minutos"},"schema":{"@context":"https:\/\/schema.org","@graph":[{"@type":"WebPage","@id":"https:\/\/www.generali.es\/ser-agente\/crea-tu-propio-pitch-deck\/","url":"https:\/\/www.generali.es\/ser-agente\/crea-tu-propio-pitch-deck\/","name":"Plantilla Pitch Deck descargar","isPartOf":{"@id":"https:\/\/www.generali.es\/ser-agente\/#website"},"primaryImageOfPage":{"@id":"https:\/\/www.generali.es\/ser-agente\/crea-tu-propio-pitch-deck\/#primaryimage"},"image":{"@id":"https:\/\/www.generali.es\/ser-agente\/crea-tu-propio-pitch-deck\/#primaryimage"},"thumbnailUrl":"https:\/\/www.generali.es\/ser-agente\/wp-content\/uploads\/2023\/09\/Mockup_libro.png","datePublished":"2023-09-27T07:53:41+00:00","dateModified":"2023-10-02T09:42:49+00:00","description":"Plantilla editable totalmente editable y customizable, con la estructura de un pitch deck e indicaciones que facilitar\u00e1n prepararlo para futuras reuniones, con clientes o potenciales inversores.","breadcrumb":{"@id":"https:\/\/www.generali.es\/ser-agente\/crea-tu-propio-pitch-deck\/#breadcrumb"},"inLanguage":"es","potentialAction":[{"@type":"ReadAction","target":["https:\/\/www.generali.es\/ser-agente\/crea-tu-propio-pitch-deck\/"]}]},{"@type":"ImageObject","inLanguage":"es","@id":"https:\/\/www.generali.es\/ser-agente\/crea-tu-propio-pitch-deck\/#primaryimage","url":"https:\/\/www.generali.es\/ser-agente\/wp-content\/uploads\/2023\/09\/Mockup_libro.png","contentUrl":"https:\/\/www.generali.es\/ser-agente\/wp-content\/uploads\/2023\/09\/Mockup_libro.png","width":1940,"height":1456,"caption":"Pitch Deck: descarga ahora plantilla"},{"@type":"BreadcrumbList","@id":"https:\/\/www.generali.es\/ser-agente\/crea-tu-propio-pitch-deck\/#breadcrumb","itemListElement":[{"@type":"ListItem","position":1,"name":"Portada","item":"https:\/\/www.generali.es\/ser-agente\/"},{"@type":"ListItem","position":2,"name":"Crea tu propio Pitch Deck"}]},{"@type":"WebSite","@id":"https:\/\/www.generali.es\/ser-agente\/#website","url":"https:\/\/www.generali.es\/ser-agente\/","name":"Agentes de seguros GENERALI","description":"Generali Agentes de Seguros","potentialAction":[],"inLanguage":"es"}]}},"_links":{"self":[{"href":"https:\/\/www.generali.es\/ser-agente\/wp-json\/wp\/v2\/pages\/873","targetHints":{"allow":["GET"]}}],"collection":[{"href":"https:\/\/www.generali.es\/ser-agente\/wp-json\/wp\/v2\/pages"}],"about":[{"href":"https:\/\/www.generali.es\/ser-agente\/wp-json\/wp\/v2\/types\/page"}],"author":[{"embeddable":true,"href":"https:\/\/www.generali.es\/ser-agente\/wp-json\/wp\/v2\/users\/8"}],"replies":[{"embeddable":true,"href":"https:\/\/www.generali.es\/ser-agente\/wp-json\/wp\/v2\/comments?post=873"}],"version-history":[{"count":13,"href":"https:\/\/www.generali.es\/ser-agente\/wp-json\/wp\/v2\/pages\/873\/revisions"}],"predecessor-version":[{"id":910,"href":"https:\/\/www.generali.es\/ser-agente\/wp-json\/wp\/v2\/pages\/873\/revisions\/910"}],"wp:featuredmedia":[{"embeddable":true,"href":"https:\/\/www.generali.es\/ser-agente\/wp-json\/wp\/v2\/media\/904"}],"wp:attachment":[{"href":"https:\/\/www.generali.es\/ser-agente\/wp-json\/wp\/v2\/media?parent=873"}],"curies":[{"name":"wp","href":"https:\/\/api.w.org\/{rel}","templated":true}]}}