{"id":590,"date":"2023-05-31T10:31:20","date_gmt":"2023-05-31T08:31:20","guid":{"rendered":"https:\/\/www.seragentegenerali.es\/?page_id=590"},"modified":"2023-11-08T11:38:16","modified_gmt":"2023-11-08T10:38:16","slug":"como-optimizar-perfil-linkedin-guia","status":"publish","type":"page","link":"https:\/\/www.generali.es\/ser-agente\/como-optimizar-perfil-linkedin-guia\/","title":{"rendered":"Aprende c\u00f3mo optimizar tu perfil de LinkedIn"},"content":{"rendered":"<p>Descarga la gu\u00eda y comienza a mejorar tu visibilidad profesional.<\/p>\n<h2>\u00bfPor qu\u00e9 descargarme la gu\u00eda para optimizar mi CV en LinkedIn?<\/h2>\n<div class=\"icon__section\">\n<div class=\"icon__section-icon\"><img decoding=\"async\" src=\"https:\/\/www.seragentegenerali.es\/wp-content\/uploads\/2023\/05\/icono_aumentar_visibilidad.svg\" alt=\"Aumentar visibilidad en LinkedIn\" \/><\/div>\n<div class=\"icon__section-content\"><strong>Aumentar la visibilidad profesional<\/strong>: un perfil de LinkedIn bien optimizado y actualizado incrementa tu visibilidad en l\u00ednea, permitiendo que reclutadores, empresas y contactos profesionales te encuentren m\u00e1s f\u00e1cilmente.<\/div>\n<\/div>\n<div class=\"icon__section\">\n<div class=\"icon__section-icon\"><img decoding=\"async\" src=\"https:\/\/www.seragentegenerali.es\/wp-content\/uploads\/2023\/05\/icono_ampliar_red_contactos.svg\" alt=\"Ampliar red de contactos\" \/><\/div>\n<div class=\"icon__section-content\"><strong>Ampliar tu red de contactos<\/strong>: LinkedIn es una plataforma ideal para establecer y mantener relaciones profesionales. Un perfil completo y atractivo facilita que otros profesionales quieran conectarse contigo, expandiendo tu red de contactos.<\/div>\n<\/div>\n<div class=\"icon__section\">\n<div class=\"icon__section-icon\"><img decoding=\"async\" src=\"https:\/\/www.seragentegenerali.es\/wp-content\/uploads\/2023\/05\/icono_establecer_marca_personal.svg\" alt=\"Establecer marca personal\" \/><\/div>\n<div class=\"icon__section-content\"><strong>Establecer una marca personal s\u00f3lida<\/strong>: un perfil de LinkedIn bien cuidado y actualizado te permite construir y proyectar una marca personal s\u00f3lida.<\/div>\n<\/div>\n<h2>\u00bfQu\u00e9 voy a encontrar en la gu\u00eda para optimizar mi CV en LinkedIn?<\/h2>\n<p>Como podr\u00e1s ver, a trav\u00e9s de este libro blanco queremos darte las herramientas para que puedas \u2018lanzar\u2019 tu carrera profesional, creando una una identidad digital profesional en LinkedIn. Para ello, te hablaremos de:<\/p>\n<ul>\n<li>Qu\u00e9 es LinkedIn.<\/li>\n<li>Por qu\u00e9 deber\u00edas estar en LinkedIn.<\/li>\n<li>C\u00f3mo crear una cuenta de LinkedIn paso a paso.<\/li>\n<li>C\u00f3mo optimizar tu perfil de LinkedIn para ganar visibilidad.<\/li>\n<li>C\u00f3mo buscar trabajo en LinkedIn.<\/li>\n<li>C\u00f3mo utilizar LinkedIn para conseguir clientes y ventas.<\/li>\n<\/ul>\n","protected":false},"excerpt":{"rendered":"<p>Descarga la gu\u00eda y comienza a mejorar tu visibilidad profesional. &#8230;<\/p>\n","protected":false},"author":8,"featured_media":591,"parent":0,"menu_order":0,"comment_status":"closed","ping_status":"closed","template":"page-landing.php","meta":{"_acf_changed":false,"inline_featured_image":false,"footnotes":""},"class_list":["post-590","page","type-page","status-publish","has-post-thumbnail","hentry"],"acf":[],"yoast_head":"<!-- This site is optimized with the Yoast SEO plugin v25.9 - https:\/\/yoast.com\/wordpress\/plugins\/seo\/ -->\n<title>Como mejorar tu Perfil de LinkedIn \u00b7 Generali Seguros<\/title>\n<meta name=\"description\" content=\"Aumenta tu visibilidad profesional. Un perfil de LinkedIn bien optimizado mejora tu marca personal. Los reclutadores te encontrar\u00e1n con mayor facilidad.\" \/>\n<meta name=\"robots\" content=\"index, follow, max-snippet:-1, max-image-preview:large, max-video-preview:-1\" \/>\n<link rel=\"canonical\" href=\"https:\/\/www.generali.es\/ser-agente\/como-optimizar-perfil-linkedin-guia\/\" \/>\n<meta property=\"og:locale\" content=\"es_ES\" \/>\n<meta property=\"og:type\" content=\"article\" \/>\n<meta property=\"og:title\" content=\"Como mejorar tu Perfil de LinkedIn \u00b7 Generali Seguros\" \/>\n<meta property=\"og:description\" content=\"Aumenta tu visibilidad profesional. Un perfil de LinkedIn bien optimizado mejora tu marca personal. Los reclutadores te encontrar\u00e1n con mayor facilidad.\" \/>\n<meta property=\"og:url\" content=\"https:\/\/www.generali.es\/ser-agente\/como-optimizar-perfil-linkedin-guia\/\" \/>\n<meta property=\"og:site_name\" content=\"Generali\" \/>\n<meta property=\"article:modified_time\" content=\"2023-11-08T10:38:16+00:00\" \/>\n<meta property=\"og:image\" content=\"https:\/\/www.generali.es\/ser-agente\/wp-content\/uploads\/2023\/05\/conoce-ofertas-de-trabajo-como-agente-de-seguros-en-generali-1536x864-1.webp\" \/>\n\t<meta property=\"og:image:width\" content=\"1536\" \/>\n\t<meta property=\"og:image:height\" content=\"864\" \/>\n\t<meta property=\"og:image:type\" content=\"image\/webp\" \/>\n<meta name=\"twitter:card\" content=\"summary_large_image\" \/>\n<meta name=\"twitter:site\" content=\"@GENERALI_es\" \/>\n<meta name=\"twitter:label1\" content=\"Tiempo de lectura\" \/>\n\t<meta name=\"twitter:data1\" content=\"2 minutos\" \/>\n<script type=\"application\/ld+json\" class=\"yoast-schema-graph\">{\"@context\":\"https:\/\/schema.org\",\"@graph\":[{\"@type\":\"WebPage\",\"@id\":\"https:\/\/www.generali.es\/ser-agente\/como-optimizar-perfil-linkedin-guia\/\",\"url\":\"https:\/\/www.generali.es\/ser-agente\/como-optimizar-perfil-linkedin-guia\/\",\"name\":\"Como mejorar tu Perfil de LinkedIn \u00b7 Generali Seguros\",\"isPartOf\":{\"@id\":\"https:\/\/www.generali.es\/ser-agente\/#website\"},\"primaryImageOfPage\":{\"@id\":\"https:\/\/www.generali.es\/ser-agente\/como-optimizar-perfil-linkedin-guia\/#primaryimage\"},\"image\":{\"@id\":\"https:\/\/www.generali.es\/ser-agente\/como-optimizar-perfil-linkedin-guia\/#primaryimage\"},\"thumbnailUrl\":\"https:\/\/www.generali.es\/ser-agente\/wp-content\/uploads\/2023\/05\/conoce-ofertas-de-trabajo-como-agente-de-seguros-en-generali-1536x864-1.webp\",\"datePublished\":\"2023-05-31T08:31:20+00:00\",\"dateModified\":\"2023-11-08T10:38:16+00:00\",\"description\":\"Aumenta tu visibilidad profesional. Un perfil de LinkedIn bien optimizado mejora tu marca personal. Los reclutadores te encontrar\u00e1n con mayor facilidad.\",\"breadcrumb\":{\"@id\":\"https:\/\/www.generali.es\/ser-agente\/como-optimizar-perfil-linkedin-guia\/#breadcrumb\"},\"inLanguage\":\"es\",\"potentialAction\":[{\"@type\":\"ReadAction\",\"target\":[\"https:\/\/www.generali.es\/ser-agente\/como-optimizar-perfil-linkedin-guia\/\"]}]},{\"@type\":\"ImageObject\",\"inLanguage\":\"es\",\"@id\":\"https:\/\/www.generali.es\/ser-agente\/como-optimizar-perfil-linkedin-guia\/#primaryimage\",\"url\":\"https:\/\/www.generali.es\/ser-agente\/wp-content\/uploads\/2023\/05\/conoce-ofertas-de-trabajo-como-agente-de-seguros-en-generali-1536x864-1.webp\",\"contentUrl\":\"https:\/\/www.generali.es\/ser-agente\/wp-content\/uploads\/2023\/05\/conoce-ofertas-de-trabajo-como-agente-de-seguros-en-generali-1536x864-1.webp\",\"width\":1536,\"height\":864,\"caption\":\"Aprende c\u00f3mo optimizar tu perfil de LinkedIn\"},{\"@type\":\"BreadcrumbList\",\"@id\":\"https:\/\/www.generali.es\/ser-agente\/como-optimizar-perfil-linkedin-guia\/#breadcrumb\",\"itemListElement\":[{\"@type\":\"ListItem\",\"position\":1,\"name\":\"Portada\",\"item\":\"https:\/\/www.generali.es\/ser-agente\/\"},{\"@type\":\"ListItem\",\"position\":2,\"name\":\"Aprende c\u00f3mo optimizar tu perfil de LinkedIn\"}]},{\"@type\":\"WebSite\",\"@id\":\"https:\/\/www.generali.es\/ser-agente\/#website\",\"url\":\"https:\/\/www.generali.es\/ser-agente\/\",\"name\":\"Agentes de seguros GENERALI\",\"description\":\"Generali Agentes de Seguros\",\"potentialAction\":[],\"inLanguage\":\"es\"}]}<\/script>\n<!-- \/ Yoast SEO plugin. -->","yoast_head_json":{"title":"Como mejorar tu Perfil de LinkedIn \u00b7 Generali Seguros","description":"Aumenta tu visibilidad profesional. Un perfil de LinkedIn bien optimizado mejora tu marca personal. Los reclutadores te encontrar\u00e1n con mayor facilidad.","robots":{"index":"index","follow":"follow","max-snippet":"max-snippet:-1","max-image-preview":"max-image-preview:large","max-video-preview":"max-video-preview:-1"},"canonical":"https:\/\/www.generali.es\/ser-agente\/como-optimizar-perfil-linkedin-guia\/","og_locale":"es_ES","og_type":"article","og_title":"Como mejorar tu Perfil de LinkedIn \u00b7 Generali Seguros","og_description":"Aumenta tu visibilidad profesional. Un perfil de LinkedIn bien optimizado mejora tu marca personal. Los reclutadores te encontrar\u00e1n con mayor facilidad.","og_url":"https:\/\/www.generali.es\/ser-agente\/como-optimizar-perfil-linkedin-guia\/","og_site_name":"Generali","article_modified_time":"2023-11-08T10:38:16+00:00","og_image":[{"width":1536,"height":864,"url":"https:\/\/www.generali.es\/ser-agente\/wp-content\/uploads\/2023\/05\/conoce-ofertas-de-trabajo-como-agente-de-seguros-en-generali-1536x864-1.webp","type":"image\/webp"}],"twitter_card":"summary_large_image","twitter_site":"@GENERALI_es","twitter_misc":{"Tiempo de lectura":"2 minutos"},"schema":{"@context":"https:\/\/schema.org","@graph":[{"@type":"WebPage","@id":"https:\/\/www.generali.es\/ser-agente\/como-optimizar-perfil-linkedin-guia\/","url":"https:\/\/www.generali.es\/ser-agente\/como-optimizar-perfil-linkedin-guia\/","name":"Como mejorar tu Perfil de LinkedIn \u00b7 Generali Seguros","isPartOf":{"@id":"https:\/\/www.generali.es\/ser-agente\/#website"},"primaryImageOfPage":{"@id":"https:\/\/www.generali.es\/ser-agente\/como-optimizar-perfil-linkedin-guia\/#primaryimage"},"image":{"@id":"https:\/\/www.generali.es\/ser-agente\/como-optimizar-perfil-linkedin-guia\/#primaryimage"},"thumbnailUrl":"https:\/\/www.generali.es\/ser-agente\/wp-content\/uploads\/2023\/05\/conoce-ofertas-de-trabajo-como-agente-de-seguros-en-generali-1536x864-1.webp","datePublished":"2023-05-31T08:31:20+00:00","dateModified":"2023-11-08T10:38:16+00:00","description":"Aumenta tu visibilidad profesional. Un perfil de LinkedIn bien optimizado mejora tu marca personal. Los reclutadores te encontrar\u00e1n con mayor facilidad.","breadcrumb":{"@id":"https:\/\/www.generali.es\/ser-agente\/como-optimizar-perfil-linkedin-guia\/#breadcrumb"},"inLanguage":"es","potentialAction":[{"@type":"ReadAction","target":["https:\/\/www.generali.es\/ser-agente\/como-optimizar-perfil-linkedin-guia\/"]}]},{"@type":"ImageObject","inLanguage":"es","@id":"https:\/\/www.generali.es\/ser-agente\/como-optimizar-perfil-linkedin-guia\/#primaryimage","url":"https:\/\/www.generali.es\/ser-agente\/wp-content\/uploads\/2023\/05\/conoce-ofertas-de-trabajo-como-agente-de-seguros-en-generali-1536x864-1.webp","contentUrl":"https:\/\/www.generali.es\/ser-agente\/wp-content\/uploads\/2023\/05\/conoce-ofertas-de-trabajo-como-agente-de-seguros-en-generali-1536x864-1.webp","width":1536,"height":864,"caption":"Aprende c\u00f3mo optimizar tu perfil de LinkedIn"},{"@type":"BreadcrumbList","@id":"https:\/\/www.generali.es\/ser-agente\/como-optimizar-perfil-linkedin-guia\/#breadcrumb","itemListElement":[{"@type":"ListItem","position":1,"name":"Portada","item":"https:\/\/www.generali.es\/ser-agente\/"},{"@type":"ListItem","position":2,"name":"Aprende c\u00f3mo optimizar tu perfil de LinkedIn"}]},{"@type":"WebSite","@id":"https:\/\/www.generali.es\/ser-agente\/#website","url":"https:\/\/www.generali.es\/ser-agente\/","name":"Agentes de seguros GENERALI","description":"Generali Agentes de Seguros","potentialAction":[],"inLanguage":"es"}]}},"_links":{"self":[{"href":"https:\/\/www.generali.es\/ser-agente\/wp-json\/wp\/v2\/pages\/590","targetHints":{"allow":["GET"]}}],"collection":[{"href":"https:\/\/www.generali.es\/ser-agente\/wp-json\/wp\/v2\/pages"}],"about":[{"href":"https:\/\/www.generali.es\/ser-agente\/wp-json\/wp\/v2\/types\/page"}],"author":[{"embeddable":true,"href":"https:\/\/www.generali.es\/ser-agente\/wp-json\/wp\/v2\/users\/8"}],"replies":[{"embeddable":true,"href":"https:\/\/www.generali.es\/ser-agente\/wp-json\/wp\/v2\/comments?post=590"}],"version-history":[{"count":11,"href":"https:\/\/www.generali.es\/ser-agente\/wp-json\/wp\/v2\/pages\/590\/revisions"}],"predecessor-version":[{"id":1050,"href":"https:\/\/www.generali.es\/ser-agente\/wp-json\/wp\/v2\/pages\/590\/revisions\/1050"}],"wp:featuredmedia":[{"embeddable":true,"href":"https:\/\/www.generali.es\/ser-agente\/wp-json\/wp\/v2\/media\/591"}],"wp:attachment":[{"href":"https:\/\/www.generali.es\/ser-agente\/wp-json\/wp\/v2\/media?parent=590"}],"curies":[{"name":"wp","href":"https:\/\/api.w.org\/{rel}","templated":true}]}}