{"id":2815,"date":"2025-04-21T17:08:08","date_gmt":"2025-04-21T15:08:08","guid":{"rendered":"https:\/\/www.generali.es\/ser-agente\/?page_id=2815"},"modified":"2025-04-23T08:48:08","modified_gmt":"2025-04-23T06:48:08","slug":"gracias-por-descargar-guia-practica","status":"publish","type":"page","link":"https:\/\/www.generali.es\/ser-agente\/guia-practica-entrevistas-trabajo\/gracias-por-descargar-guia-practica\/","title":{"rendered":"Gracias por descargar gu\u00eda pr\u00e1ctica"},"content":{"rendered":"","protected":false},"excerpt":{"rendered":"","protected":false},"author":10,"featured_media":0,"parent":2805,"menu_order":0,"comment_status":"closed","ping_status":"closed","template":"page-typ.php","meta":{"_acf_changed":false,"inline_featured_image":false,"footnotes":""},"class_list":["post-2815","page","type-page","status-publish","hentry"],"acf":[],"yoast_head":"<!-- This site is optimized with the Yoast SEO plugin v25.9 - https:\/\/yoast.com\/wordpress\/plugins\/seo\/ -->\n<title>Gracias por descargar gu\u00eda pr\u00e1ctica - Generali<\/title>\n<meta name=\"robots\" content=\"index, follow, max-snippet:-1, max-image-preview:large, max-video-preview:-1\" \/>\n<link rel=\"canonical\" href=\"https:\/\/www.generali.es\/ser-agente\/guia-practica-entrevistas-trabajo\/gracias-por-descargar-guia-practica\/\" \/>\n<meta property=\"og:locale\" content=\"es_ES\" \/>\n<meta property=\"og:type\" content=\"article\" \/>\n<meta property=\"og:title\" content=\"Gracias por descargar gu\u00eda pr\u00e1ctica - Generali\" \/>\n<meta property=\"og:url\" content=\"https:\/\/www.generali.es\/ser-agente\/guia-practica-entrevistas-trabajo\/gracias-por-descargar-guia-practica\/\" \/>\n<meta property=\"og:site_name\" content=\"Generali\" \/>\n<meta property=\"article:modified_time\" content=\"2025-04-23T06:48:08+00:00\" \/>\n<meta name=\"twitter:card\" content=\"summary_large_image\" \/>\n<meta name=\"twitter:site\" content=\"@GENERALI_es\" \/>\n<script type=\"application\/ld+json\" class=\"yoast-schema-graph\">{\"@context\":\"https:\/\/schema.org\",\"@graph\":[{\"@type\":\"WebPage\",\"@id\":\"https:\/\/www.generali.es\/ser-agente\/guia-practica-entrevistas-trabajo\/gracias-por-descargar-guia-practica\/\",\"url\":\"https:\/\/www.generali.es\/ser-agente\/guia-practica-entrevistas-trabajo\/gracias-por-descargar-guia-practica\/\",\"name\":\"Gracias por descargar gu\u00eda pr\u00e1ctica - Generali\",\"isPartOf\":{\"@id\":\"https:\/\/www.generali.es\/ser-agente\/#website\"},\"datePublished\":\"2025-04-21T15:08:08+00:00\",\"dateModified\":\"2025-04-23T06:48:08+00:00\",\"breadcrumb\":{\"@id\":\"https:\/\/www.generali.es\/ser-agente\/guia-practica-entrevistas-trabajo\/gracias-por-descargar-guia-practica\/#breadcrumb\"},\"inLanguage\":\"es\",\"potentialAction\":[{\"@type\":\"ReadAction\",\"target\":[\"https:\/\/www.generali.es\/ser-agente\/guia-practica-entrevistas-trabajo\/gracias-por-descargar-guia-practica\/\"]}]},{\"@type\":\"BreadcrumbList\",\"@id\":\"https:\/\/www.generali.es\/ser-agente\/guia-practica-entrevistas-trabajo\/gracias-por-descargar-guia-practica\/#breadcrumb\",\"itemListElement\":[{\"@type\":\"ListItem\",\"position\":1,\"name\":\"Portada\",\"item\":\"https:\/\/www.generali.es\/ser-agente\/\"},{\"@type\":\"ListItem\",\"position\":2,\"name\":\"Prep\u00e1rate para tu pr\u00f3xima entrevista de trabajo con esta gu\u00eda pr\u00e1ctica\",\"item\":\"https:\/\/www.generali.es\/ser-agente\/guia-practica-entrevistas-trabajo\/\"},{\"@type\":\"ListItem\",\"position\":3,\"name\":\"Gracias por descargar gu\u00eda pr\u00e1ctica\"}]},{\"@type\":\"WebSite\",\"@id\":\"https:\/\/www.generali.es\/ser-agente\/#website\",\"url\":\"https:\/\/www.generali.es\/ser-agente\/\",\"name\":\"Agentes de seguros GENERALI\",\"description\":\"Generali Agentes de Seguros\",\"potentialAction\":[],\"inLanguage\":\"es\"}]}<\/script>\n<!-- \/ Yoast SEO plugin. -->","yoast_head_json":{"title":"Gracias por descargar gu\u00eda pr\u00e1ctica - Generali","robots":{"index":"index","follow":"follow","max-snippet":"max-snippet:-1","max-image-preview":"max-image-preview:large","max-video-preview":"max-video-preview:-1"},"canonical":"https:\/\/www.generali.es\/ser-agente\/guia-practica-entrevistas-trabajo\/gracias-por-descargar-guia-practica\/","og_locale":"es_ES","og_type":"article","og_title":"Gracias por descargar gu\u00eda pr\u00e1ctica - Generali","og_url":"https:\/\/www.generali.es\/ser-agente\/guia-practica-entrevistas-trabajo\/gracias-por-descargar-guia-practica\/","og_site_name":"Generali","article_modified_time":"2025-04-23T06:48:08+00:00","twitter_card":"summary_large_image","twitter_site":"@GENERALI_es","schema":{"@context":"https:\/\/schema.org","@graph":[{"@type":"WebPage","@id":"https:\/\/www.generali.es\/ser-agente\/guia-practica-entrevistas-trabajo\/gracias-por-descargar-guia-practica\/","url":"https:\/\/www.generali.es\/ser-agente\/guia-practica-entrevistas-trabajo\/gracias-por-descargar-guia-practica\/","name":"Gracias por descargar gu\u00eda pr\u00e1ctica - Generali","isPartOf":{"@id":"https:\/\/www.generali.es\/ser-agente\/#website"},"datePublished":"2025-04-21T15:08:08+00:00","dateModified":"2025-04-23T06:48:08+00:00","breadcrumb":{"@id":"https:\/\/www.generali.es\/ser-agente\/guia-practica-entrevistas-trabajo\/gracias-por-descargar-guia-practica\/#breadcrumb"},"inLanguage":"es","potentialAction":[{"@type":"ReadAction","target":["https:\/\/www.generali.es\/ser-agente\/guia-practica-entrevistas-trabajo\/gracias-por-descargar-guia-practica\/"]}]},{"@type":"BreadcrumbList","@id":"https:\/\/www.generali.es\/ser-agente\/guia-practica-entrevistas-trabajo\/gracias-por-descargar-guia-practica\/#breadcrumb","itemListElement":[{"@type":"ListItem","position":1,"name":"Portada","item":"https:\/\/www.generali.es\/ser-agente\/"},{"@type":"ListItem","position":2,"name":"Prep\u00e1rate para tu pr\u00f3xima entrevista de trabajo con esta gu\u00eda pr\u00e1ctica","item":"https:\/\/www.generali.es\/ser-agente\/guia-practica-entrevistas-trabajo\/"},{"@type":"ListItem","position":3,"name":"Gracias por descargar gu\u00eda pr\u00e1ctica"}]},{"@type":"WebSite","@id":"https:\/\/www.generali.es\/ser-agente\/#website","url":"https:\/\/www.generali.es\/ser-agente\/","name":"Agentes de seguros GENERALI","description":"Generali Agentes de Seguros","potentialAction":[],"inLanguage":"es"}]}},"_links":{"self":[{"href":"https:\/\/www.generali.es\/ser-agente\/wp-json\/wp\/v2\/pages\/2815","targetHints":{"allow":["GET"]}}],"collection":[{"href":"https:\/\/www.generali.es\/ser-agente\/wp-json\/wp\/v2\/pages"}],"about":[{"href":"https:\/\/www.generali.es\/ser-agente\/wp-json\/wp\/v2\/types\/page"}],"author":[{"embeddable":true,"href":"https:\/\/www.generali.es\/ser-agente\/wp-json\/wp\/v2\/users\/10"}],"replies":[{"embeddable":true,"href":"https:\/\/www.generali.es\/ser-agente\/wp-json\/wp\/v2\/comments?post=2815"}],"version-history":[{"count":6,"href":"https:\/\/www.generali.es\/ser-agente\/wp-json\/wp\/v2\/pages\/2815\/revisions"}],"predecessor-version":[{"id":2823,"href":"https:\/\/www.generali.es\/ser-agente\/wp-json\/wp\/v2\/pages\/2815\/revisions\/2823"}],"up":[{"embeddable":true,"href":"https:\/\/www.generali.es\/ser-agente\/wp-json\/wp\/v2\/pages\/2805"}],"wp:attachment":[{"href":"https:\/\/www.generali.es\/ser-agente\/wp-json\/wp\/v2\/media?parent=2815"}],"curies":[{"name":"wp","href":"https:\/\/api.w.org\/{rel}","templated":true}]}}