{"id":2805,"date":"2025-04-21T17:06:51","date_gmt":"2025-04-21T15:06:51","guid":{"rendered":"https:\/\/www.generali.es\/ser-agente\/?page_id=2805"},"modified":"2025-04-23T08:52:19","modified_gmt":"2025-04-23T06:52:19","slug":"guia-practica-entrevistas-trabajo","status":"publish","type":"page","link":"https:\/\/www.generali.es\/ser-agente\/guia-practica-entrevistas-trabajo\/","title":{"rendered":"Prep\u00e1rate para tu pr\u00f3xima entrevista de trabajo con esta gu\u00eda pr\u00e1ctica"},"content":{"rendered":"<p>Destaca en cualquier proceso de selecci\u00f3n con esta gu\u00eda completa que te ayudar\u00e1 a prepararte antes, durante y despu\u00e9s de una entrevista de trabajo. Con estrategias claras y recomendaciones pr\u00e1cticas, aumentar\u00e1s tus posibilidades de \u00e9xito y proyectar\u00e1s una imagen profesional y segura.<\/p>\n<h2><b>\u00bfPor qu\u00e9 descargar esta gu\u00eda?<\/b><\/h2>\n<ul>\n<li style=\"font-weight: 400;\" aria-level=\"1\"><strong>Estructura y planificaci\u00f3n:<\/strong> aprende c\u00f3mo prepararte antes de la entrevista, desde la investigaci\u00f3n sobre la empresa hasta la elecci\u00f3n de vestimenta adecuada seg\u00fan el sector.<\/li>\n<li style=\"font-weight: 400;\" aria-level=\"1\"><strong>Respuestas efectivas:<\/strong> descubre c\u00f3mo aplicar el m\u00e9todo STAR (Situaci\u00f3n, Tarea, Acci\u00f3n, Resultado) para responder de manera clara y convincente.<\/li>\n<li style=\"font-weight: 400;\" aria-level=\"1\"><strong>Consejos para entrevistas presenciales y online:<\/strong> mejora tu lenguaje corporal, optimiza tu comunicaci\u00f3n y cuida los detalles t\u00e9cnicos en entrevistas virtuales.<\/li>\n<li style=\"font-weight: 400;\" aria-level=\"1\"><strong>Errores comunes y c\u00f3mo evitarlos:<\/strong> identifica los fallos m\u00e1s frecuentes en entrevistas y aprende a manejarlos de manera efectiva.<\/li>\n<li style=\"font-weight: 400;\" aria-level=\"1\"><strong>Seguimiento post-entrevista:<\/strong> conoce la importancia del email de agradecimiento y c\u00f3mo hacer un seguimiento estrat\u00e9gico sin parecer insistente.<\/li>\n<\/ul>\n<h2><b>\u00bfQu\u00e9 encontrar\u00e1s en esta gu\u00eda?<\/b><\/h2>\n<p><strong>Antes de la entrevista<\/strong><\/p>\n<ul>\n<li>Estrategias para investigar sobre la empresa y el puesto.<\/li>\n<li>T\u00e9cnicas para estructurar respuestas y practicar entrevistas.<\/li>\n<li>Recomendaciones de vestimenta seg\u00fan el sector profesional.<\/li>\n<\/ul>\n<p><strong>Durante la entrevista<\/strong><\/p>\n<ul>\n<li>Claves para una comunicaci\u00f3n clara y segura.<\/li>\n<li>Estrategias para responder preguntas dif\u00edciles.<\/li>\n<li>Lenguaje corporal: lo que debes y no debes hacer.<\/li>\n<\/ul>\n<p><strong>Despu\u00e9s de la entrevista<\/strong><\/p>\n<ul>\n<li>\u00a0Cu\u00e1ndo y c\u00f3mo enviar un email de agradecimiento.<\/li>\n<li>Seguimiento adecuado tras la entrevista.<\/li>\n<li>Evaluaci\u00f3n del proceso para futuras oportunidades.<\/li>\n<\/ul>\n","protected":false},"excerpt":{"rendered":"<p>Destaca en cualquier proceso de selecci\u00f3n con esta gu\u00eda completa &#8230;<\/p>\n","protected":false},"author":10,"featured_media":2806,"parent":0,"menu_order":0,"comment_status":"closed","ping_status":"closed","template":"page-landing.php","meta":{"_acf_changed":false,"inline_featured_image":false,"footnotes":""},"class_list":["post-2805","page","type-page","status-publish","has-post-thumbnail","hentry"],"acf":[],"yoast_head":"<!-- This site is optimized with the Yoast SEO plugin v25.9 - https:\/\/yoast.com\/wordpress\/plugins\/seo\/ -->\n<title>Prep\u00e1rate para tu pr\u00f3xima entrevista de trabajo con esta gu\u00eda pr\u00e1ctica - Generali<\/title>\n<meta name=\"robots\" content=\"index, follow, max-snippet:-1, max-image-preview:large, max-video-preview:-1\" \/>\n<link rel=\"canonical\" href=\"https:\/\/www.generali.es\/ser-agente\/guia-practica-entrevistas-trabajo\/\" \/>\n<meta property=\"og:locale\" content=\"es_ES\" \/>\n<meta property=\"og:type\" content=\"article\" \/>\n<meta property=\"og:title\" content=\"Prep\u00e1rate para tu pr\u00f3xima entrevista de trabajo con esta gu\u00eda pr\u00e1ctica - Generali\" \/>\n<meta property=\"og:description\" content=\"Destaca en cualquier proceso de selecci\u00f3n con esta gu\u00eda completa ...\" \/>\n<meta property=\"og:url\" content=\"https:\/\/www.generali.es\/ser-agente\/guia-practica-entrevistas-trabajo\/\" \/>\n<meta property=\"og:site_name\" content=\"Generali\" \/>\n<meta property=\"article:modified_time\" content=\"2025-04-23T06:52:19+00:00\" \/>\n<meta property=\"og:image\" content=\"https:\/\/www.generali.es\/ser-agente\/wp-content\/uploads\/2025\/04\/Mockup_libro.png\" \/>\n\t<meta property=\"og:image:width\" content=\"1940\" \/>\n\t<meta property=\"og:image:height\" content=\"1456\" \/>\n\t<meta property=\"og:image:type\" content=\"image\/png\" \/>\n<meta name=\"twitter:card\" content=\"summary_large_image\" \/>\n<meta name=\"twitter:site\" content=\"@GENERALI_es\" \/>\n<meta name=\"twitter:label1\" content=\"Tiempo de lectura\" \/>\n\t<meta name=\"twitter:data1\" content=\"2 minutos\" \/>\n<script type=\"application\/ld+json\" class=\"yoast-schema-graph\">{\"@context\":\"https:\/\/schema.org\",\"@graph\":[{\"@type\":\"WebPage\",\"@id\":\"https:\/\/www.generali.es\/ser-agente\/guia-practica-entrevistas-trabajo\/\",\"url\":\"https:\/\/www.generali.es\/ser-agente\/guia-practica-entrevistas-trabajo\/\",\"name\":\"Prep\u00e1rate para tu pr\u00f3xima entrevista de trabajo con esta gu\u00eda pr\u00e1ctica - Generali\",\"isPartOf\":{\"@id\":\"https:\/\/www.generali.es\/ser-agente\/#website\"},\"primaryImageOfPage\":{\"@id\":\"https:\/\/www.generali.es\/ser-agente\/guia-practica-entrevistas-trabajo\/#primaryimage\"},\"image\":{\"@id\":\"https:\/\/www.generali.es\/ser-agente\/guia-practica-entrevistas-trabajo\/#primaryimage\"},\"thumbnailUrl\":\"https:\/\/www.generali.es\/ser-agente\/wp-content\/uploads\/2025\/04\/Mockup_libro.png\",\"datePublished\":\"2025-04-21T15:06:51+00:00\",\"dateModified\":\"2025-04-23T06:52:19+00:00\",\"breadcrumb\":{\"@id\":\"https:\/\/www.generali.es\/ser-agente\/guia-practica-entrevistas-trabajo\/#breadcrumb\"},\"inLanguage\":\"es\",\"potentialAction\":[{\"@type\":\"ReadAction\",\"target\":[\"https:\/\/www.generali.es\/ser-agente\/guia-practica-entrevistas-trabajo\/\"]}]},{\"@type\":\"ImageObject\",\"inLanguage\":\"es\",\"@id\":\"https:\/\/www.generali.es\/ser-agente\/guia-practica-entrevistas-trabajo\/#primaryimage\",\"url\":\"https:\/\/www.generali.es\/ser-agente\/wp-content\/uploads\/2025\/04\/Mockup_libro.png\",\"contentUrl\":\"https:\/\/www.generali.es\/ser-agente\/wp-content\/uploads\/2025\/04\/Mockup_libro.png\",\"width\":1940,\"height\":1456},{\"@type\":\"BreadcrumbList\",\"@id\":\"https:\/\/www.generali.es\/ser-agente\/guia-practica-entrevistas-trabajo\/#breadcrumb\",\"itemListElement\":[{\"@type\":\"ListItem\",\"position\":1,\"name\":\"Portada\",\"item\":\"https:\/\/www.generali.es\/ser-agente\/\"},{\"@type\":\"ListItem\",\"position\":2,\"name\":\"Prep\u00e1rate para tu pr\u00f3xima entrevista de trabajo con esta gu\u00eda pr\u00e1ctica\"}]},{\"@type\":\"WebSite\",\"@id\":\"https:\/\/www.generali.es\/ser-agente\/#website\",\"url\":\"https:\/\/www.generali.es\/ser-agente\/\",\"name\":\"Agentes de seguros GENERALI\",\"description\":\"Generali Agentes de Seguros\",\"potentialAction\":[],\"inLanguage\":\"es\"}]}<\/script>\n<!-- \/ Yoast SEO plugin. -->","yoast_head_json":{"title":"Prep\u00e1rate para tu pr\u00f3xima entrevista de trabajo con esta gu\u00eda pr\u00e1ctica - Generali","robots":{"index":"index","follow":"follow","max-snippet":"max-snippet:-1","max-image-preview":"max-image-preview:large","max-video-preview":"max-video-preview:-1"},"canonical":"https:\/\/www.generali.es\/ser-agente\/guia-practica-entrevistas-trabajo\/","og_locale":"es_ES","og_type":"article","og_title":"Prep\u00e1rate para tu pr\u00f3xima entrevista de trabajo con esta gu\u00eda pr\u00e1ctica - Generali","og_description":"Destaca en cualquier proceso de selecci\u00f3n con esta gu\u00eda completa ...","og_url":"https:\/\/www.generali.es\/ser-agente\/guia-practica-entrevistas-trabajo\/","og_site_name":"Generali","article_modified_time":"2025-04-23T06:52:19+00:00","og_image":[{"width":1940,"height":1456,"url":"https:\/\/www.generali.es\/ser-agente\/wp-content\/uploads\/2025\/04\/Mockup_libro.png","type":"image\/png"}],"twitter_card":"summary_large_image","twitter_site":"@GENERALI_es","twitter_misc":{"Tiempo de lectura":"2 minutos"},"schema":{"@context":"https:\/\/schema.org","@graph":[{"@type":"WebPage","@id":"https:\/\/www.generali.es\/ser-agente\/guia-practica-entrevistas-trabajo\/","url":"https:\/\/www.generali.es\/ser-agente\/guia-practica-entrevistas-trabajo\/","name":"Prep\u00e1rate para tu pr\u00f3xima entrevista de trabajo con esta gu\u00eda pr\u00e1ctica - Generali","isPartOf":{"@id":"https:\/\/www.generali.es\/ser-agente\/#website"},"primaryImageOfPage":{"@id":"https:\/\/www.generali.es\/ser-agente\/guia-practica-entrevistas-trabajo\/#primaryimage"},"image":{"@id":"https:\/\/www.generali.es\/ser-agente\/guia-practica-entrevistas-trabajo\/#primaryimage"},"thumbnailUrl":"https:\/\/www.generali.es\/ser-agente\/wp-content\/uploads\/2025\/04\/Mockup_libro.png","datePublished":"2025-04-21T15:06:51+00:00","dateModified":"2025-04-23T06:52:19+00:00","breadcrumb":{"@id":"https:\/\/www.generali.es\/ser-agente\/guia-practica-entrevistas-trabajo\/#breadcrumb"},"inLanguage":"es","potentialAction":[{"@type":"ReadAction","target":["https:\/\/www.generali.es\/ser-agente\/guia-practica-entrevistas-trabajo\/"]}]},{"@type":"ImageObject","inLanguage":"es","@id":"https:\/\/www.generali.es\/ser-agente\/guia-practica-entrevistas-trabajo\/#primaryimage","url":"https:\/\/www.generali.es\/ser-agente\/wp-content\/uploads\/2025\/04\/Mockup_libro.png","contentUrl":"https:\/\/www.generali.es\/ser-agente\/wp-content\/uploads\/2025\/04\/Mockup_libro.png","width":1940,"height":1456},{"@type":"BreadcrumbList","@id":"https:\/\/www.generali.es\/ser-agente\/guia-practica-entrevistas-trabajo\/#breadcrumb","itemListElement":[{"@type":"ListItem","position":1,"name":"Portada","item":"https:\/\/www.generali.es\/ser-agente\/"},{"@type":"ListItem","position":2,"name":"Prep\u00e1rate para tu pr\u00f3xima entrevista de trabajo con esta gu\u00eda pr\u00e1ctica"}]},{"@type":"WebSite","@id":"https:\/\/www.generali.es\/ser-agente\/#website","url":"https:\/\/www.generali.es\/ser-agente\/","name":"Agentes de seguros GENERALI","description":"Generali Agentes de Seguros","potentialAction":[],"inLanguage":"es"}]}},"_links":{"self":[{"href":"https:\/\/www.generali.es\/ser-agente\/wp-json\/wp\/v2\/pages\/2805","targetHints":{"allow":["GET"]}}],"collection":[{"href":"https:\/\/www.generali.es\/ser-agente\/wp-json\/wp\/v2\/pages"}],"about":[{"href":"https:\/\/www.generali.es\/ser-agente\/wp-json\/wp\/v2\/types\/page"}],"author":[{"embeddable":true,"href":"https:\/\/www.generali.es\/ser-agente\/wp-json\/wp\/v2\/users\/10"}],"replies":[{"embeddable":true,"href":"https:\/\/www.generali.es\/ser-agente\/wp-json\/wp\/v2\/comments?post=2805"}],"version-history":[{"count":2,"href":"https:\/\/www.generali.es\/ser-agente\/wp-json\/wp\/v2\/pages\/2805\/revisions"}],"predecessor-version":[{"id":2827,"href":"https:\/\/www.generali.es\/ser-agente\/wp-json\/wp\/v2\/pages\/2805\/revisions\/2827"}],"wp:featuredmedia":[{"embeddable":true,"href":"https:\/\/www.generali.es\/ser-agente\/wp-json\/wp\/v2\/media\/2806"}],"wp:attachment":[{"href":"https:\/\/www.generali.es\/ser-agente\/wp-json\/wp\/v2\/media?parent=2805"}],"curies":[{"name":"wp","href":"https:\/\/api.w.org\/{rel}","templated":true}]}}