{"id":1156,"date":"2023-11-30T16:21:13","date_gmt":"2023-11-30T15:21:13","guid":{"rendered":"https:\/\/www.generali.es\/ser-agente\/?page_id=1156"},"modified":"2023-12-11T18:46:25","modified_gmt":"2023-12-11T17:46:25","slug":"descargar-plantilla-editable-dafo-personal","status":"publish","type":"page","link":"https:\/\/www.generali.es\/ser-agente\/descargar-plantilla-editable-dafo-personal\/","title":{"rendered":"Descubre tu potencial con el An\u00e1lisis DAFO Personal"},"content":{"rendered":"<p>\u00bfEst\u00e1s listo para llevar tu carrera al siguiente nivel? El An\u00e1lisis DAFO Personal es una herramienta poderosa que te ayuda a impulsar tu desarrollo profesional. Te mostramos c\u00f3mo lograrlo con ejemplos pr\u00e1cticos y sencillos pasos.<\/p>\n<h2>\u00bfPor qu\u00e9 descargarme la plantilla sobre An\u00e1lisis DAFO Personal?<\/h2>\n<ul>\n<li><strong>Autoconocimiento profundo:<\/strong> aprende a evaluarte y descubre c\u00f3mo encajas en el mundo laboral.<\/li>\n<li><strong>Planificaci\u00f3n estrat\u00e9gica:<\/strong> establece metas realistas y traza un camino claro hacia tus objetivos.<\/li>\n<li><strong>Toma de decisiones informadas:<\/strong> mejora tu capacidad para elegir oportunidades que potencien tus fortalezas.<\/li>\n<li><strong>Desarrollo continuo:<\/strong> adapta tus habilidades y conocimientos a las demandas cambiantes del mercado laboral.<\/li>\n<\/ul>\n<h2>\u00bfA qu\u00e9 contenido exclusivo podr\u00e9 acceder?<\/h2>\n<p>En la plantilla encontrar\u00e1s:<\/p>\n<ul>\n<li>Impacto de un DAFO Personal.<\/li>\n<li>Qu\u00e9 es un DAFO Personal.<\/li>\n<li>C\u00f3mo completar mi DAFO.<\/li>\n<li>Qu\u00e9 pasos debo dar despu\u00e9s.<span style=\"font-weight: 400;\"><br \/>\n<\/span><\/li>\n<\/ul>\n<p>\u00a1Descarga tu plantilla totalmente editable y empieza a trazar tu camino hacia el \u00e9xito profesional!<\/p>\n","protected":false},"excerpt":{"rendered":"<p>\u00bfEst\u00e1s listo para llevar tu carrera al siguiente nivel? El &#8230;<\/p>\n","protected":false},"author":8,"featured_media":1237,"parent":0,"menu_order":0,"comment_status":"closed","ping_status":"closed","template":"page-landing.php","meta":{"_acf_changed":false,"inline_featured_image":false,"footnotes":""},"class_list":["post-1156","page","type-page","status-publish","has-post-thumbnail","hentry"],"acf":[],"yoast_head":"<!-- This site is optimized with the Yoast SEO plugin v25.9 - https:\/\/yoast.com\/wordpress\/plugins\/seo\/ -->\n<title>Acelera tu desarrollo profesional gracias a tu DAFO Personal<\/title>\n<meta name=\"description\" content=\"Desc\u00e1rgate la plantilla y aprende a identificar tus debilidades, amenazas, fortalezas y oportunidades. Una gu\u00eda para crecer profesionalmente.\" \/>\n<meta name=\"robots\" content=\"index, follow, max-snippet:-1, max-image-preview:large, max-video-preview:-1\" \/>\n<link rel=\"canonical\" href=\"https:\/\/www.generali.es\/ser-agente\/descargar-plantilla-editable-dafo-personal\/\" \/>\n<meta property=\"og:locale\" content=\"es_ES\" \/>\n<meta property=\"og:type\" content=\"article\" \/>\n<meta property=\"og:title\" content=\"Acelera tu desarrollo profesional gracias a tu DAFO Personal\" \/>\n<meta property=\"og:description\" content=\"Desc\u00e1rgate la plantilla y aprende a identificar tus debilidades, amenazas, fortalezas y oportunidades. Una gu\u00eda para crecer profesionalmente.\" \/>\n<meta property=\"og:url\" content=\"https:\/\/www.generali.es\/ser-agente\/descargar-plantilla-editable-dafo-personal\/\" \/>\n<meta property=\"og:site_name\" content=\"Generali\" \/>\n<meta property=\"article:modified_time\" content=\"2023-12-11T17:46:25+00:00\" \/>\n<meta property=\"og:image\" content=\"https:\/\/www.generali.es\/ser-agente\/wp-content\/uploads\/2023\/12\/Imagen-LP_05.jpg\" \/>\n\t<meta property=\"og:image:width\" content=\"1536\" \/>\n\t<meta property=\"og:image:height\" content=\"864\" \/>\n\t<meta property=\"og:image:type\" content=\"image\/jpeg\" \/>\n<meta name=\"twitter:card\" content=\"summary_large_image\" \/>\n<meta name=\"twitter:site\" content=\"@GENERALI_es\" \/>\n<meta name=\"twitter:label1\" content=\"Tiempo de lectura\" \/>\n\t<meta name=\"twitter:data1\" content=\"1 minuto\" \/>\n<script type=\"application\/ld+json\" class=\"yoast-schema-graph\">{\"@context\":\"https:\/\/schema.org\",\"@graph\":[{\"@type\":\"WebPage\",\"@id\":\"https:\/\/www.generali.es\/ser-agente\/descargar-plantilla-editable-dafo-personal\/\",\"url\":\"https:\/\/www.generali.es\/ser-agente\/descargar-plantilla-editable-dafo-personal\/\",\"name\":\"Acelera tu desarrollo profesional gracias a tu DAFO Personal\",\"isPartOf\":{\"@id\":\"https:\/\/www.generali.es\/ser-agente\/#website\"},\"primaryImageOfPage\":{\"@id\":\"https:\/\/www.generali.es\/ser-agente\/descargar-plantilla-editable-dafo-personal\/#primaryimage\"},\"image\":{\"@id\":\"https:\/\/www.generali.es\/ser-agente\/descargar-plantilla-editable-dafo-personal\/#primaryimage\"},\"thumbnailUrl\":\"https:\/\/www.generali.es\/ser-agente\/wp-content\/uploads\/2023\/12\/Imagen-LP_05.jpg\",\"datePublished\":\"2023-11-30T15:21:13+00:00\",\"dateModified\":\"2023-12-11T17:46:25+00:00\",\"description\":\"Desc\u00e1rgate la plantilla y aprende a identificar tus debilidades, amenazas, fortalezas y oportunidades. Una gu\u00eda para crecer profesionalmente.\",\"breadcrumb\":{\"@id\":\"https:\/\/www.generali.es\/ser-agente\/descargar-plantilla-editable-dafo-personal\/#breadcrumb\"},\"inLanguage\":\"es\",\"potentialAction\":[{\"@type\":\"ReadAction\",\"target\":[\"https:\/\/www.generali.es\/ser-agente\/descargar-plantilla-editable-dafo-personal\/\"]}]},{\"@type\":\"ImageObject\",\"inLanguage\":\"es\",\"@id\":\"https:\/\/www.generali.es\/ser-agente\/descargar-plantilla-editable-dafo-personal\/#primaryimage\",\"url\":\"https:\/\/www.generali.es\/ser-agente\/wp-content\/uploads\/2023\/12\/Imagen-LP_05.jpg\",\"contentUrl\":\"https:\/\/www.generali.es\/ser-agente\/wp-content\/uploads\/2023\/12\/Imagen-LP_05.jpg\",\"width\":1536,\"height\":864,\"caption\":\"Descarga DAFO Personal\"},{\"@type\":\"BreadcrumbList\",\"@id\":\"https:\/\/www.generali.es\/ser-agente\/descargar-plantilla-editable-dafo-personal\/#breadcrumb\",\"itemListElement\":[{\"@type\":\"ListItem\",\"position\":1,\"name\":\"Portada\",\"item\":\"https:\/\/www.generali.es\/ser-agente\/\"},{\"@type\":\"ListItem\",\"position\":2,\"name\":\"Descubre tu potencial con el An\u00e1lisis DAFO Personal\"}]},{\"@type\":\"WebSite\",\"@id\":\"https:\/\/www.generali.es\/ser-agente\/#website\",\"url\":\"https:\/\/www.generali.es\/ser-agente\/\",\"name\":\"Agentes de seguros GENERALI\",\"description\":\"Generali Agentes de Seguros\",\"potentialAction\":[],\"inLanguage\":\"es\"}]}<\/script>\n<!-- \/ Yoast SEO plugin. -->","yoast_head_json":{"title":"Acelera tu desarrollo profesional gracias a tu DAFO Personal","description":"Desc\u00e1rgate la plantilla y aprende a identificar tus debilidades, amenazas, fortalezas y oportunidades. Una gu\u00eda para crecer profesionalmente.","robots":{"index":"index","follow":"follow","max-snippet":"max-snippet:-1","max-image-preview":"max-image-preview:large","max-video-preview":"max-video-preview:-1"},"canonical":"https:\/\/www.generali.es\/ser-agente\/descargar-plantilla-editable-dafo-personal\/","og_locale":"es_ES","og_type":"article","og_title":"Acelera tu desarrollo profesional gracias a tu DAFO Personal","og_description":"Desc\u00e1rgate la plantilla y aprende a identificar tus debilidades, amenazas, fortalezas y oportunidades. Una gu\u00eda para crecer profesionalmente.","og_url":"https:\/\/www.generali.es\/ser-agente\/descargar-plantilla-editable-dafo-personal\/","og_site_name":"Generali","article_modified_time":"2023-12-11T17:46:25+00:00","og_image":[{"width":1536,"height":864,"url":"https:\/\/www.generali.es\/ser-agente\/wp-content\/uploads\/2023\/12\/Imagen-LP_05.jpg","type":"image\/jpeg"}],"twitter_card":"summary_large_image","twitter_site":"@GENERALI_es","twitter_misc":{"Tiempo de lectura":"1 minuto"},"schema":{"@context":"https:\/\/schema.org","@graph":[{"@type":"WebPage","@id":"https:\/\/www.generali.es\/ser-agente\/descargar-plantilla-editable-dafo-personal\/","url":"https:\/\/www.generali.es\/ser-agente\/descargar-plantilla-editable-dafo-personal\/","name":"Acelera tu desarrollo profesional gracias a tu DAFO Personal","isPartOf":{"@id":"https:\/\/www.generali.es\/ser-agente\/#website"},"primaryImageOfPage":{"@id":"https:\/\/www.generali.es\/ser-agente\/descargar-plantilla-editable-dafo-personal\/#primaryimage"},"image":{"@id":"https:\/\/www.generali.es\/ser-agente\/descargar-plantilla-editable-dafo-personal\/#primaryimage"},"thumbnailUrl":"https:\/\/www.generali.es\/ser-agente\/wp-content\/uploads\/2023\/12\/Imagen-LP_05.jpg","datePublished":"2023-11-30T15:21:13+00:00","dateModified":"2023-12-11T17:46:25+00:00","description":"Desc\u00e1rgate la plantilla y aprende a identificar tus debilidades, amenazas, fortalezas y oportunidades. Una gu\u00eda para crecer profesionalmente.","breadcrumb":{"@id":"https:\/\/www.generali.es\/ser-agente\/descargar-plantilla-editable-dafo-personal\/#breadcrumb"},"inLanguage":"es","potentialAction":[{"@type":"ReadAction","target":["https:\/\/www.generali.es\/ser-agente\/descargar-plantilla-editable-dafo-personal\/"]}]},{"@type":"ImageObject","inLanguage":"es","@id":"https:\/\/www.generali.es\/ser-agente\/descargar-plantilla-editable-dafo-personal\/#primaryimage","url":"https:\/\/www.generali.es\/ser-agente\/wp-content\/uploads\/2023\/12\/Imagen-LP_05.jpg","contentUrl":"https:\/\/www.generali.es\/ser-agente\/wp-content\/uploads\/2023\/12\/Imagen-LP_05.jpg","width":1536,"height":864,"caption":"Descarga DAFO Personal"},{"@type":"BreadcrumbList","@id":"https:\/\/www.generali.es\/ser-agente\/descargar-plantilla-editable-dafo-personal\/#breadcrumb","itemListElement":[{"@type":"ListItem","position":1,"name":"Portada","item":"https:\/\/www.generali.es\/ser-agente\/"},{"@type":"ListItem","position":2,"name":"Descubre tu potencial con el An\u00e1lisis DAFO Personal"}]},{"@type":"WebSite","@id":"https:\/\/www.generali.es\/ser-agente\/#website","url":"https:\/\/www.generali.es\/ser-agente\/","name":"Agentes de seguros GENERALI","description":"Generali Agentes de Seguros","potentialAction":[],"inLanguage":"es"}]}},"_links":{"self":[{"href":"https:\/\/www.generali.es\/ser-agente\/wp-json\/wp\/v2\/pages\/1156","targetHints":{"allow":["GET"]}}],"collection":[{"href":"https:\/\/www.generali.es\/ser-agente\/wp-json\/wp\/v2\/pages"}],"about":[{"href":"https:\/\/www.generali.es\/ser-agente\/wp-json\/wp\/v2\/types\/page"}],"author":[{"embeddable":true,"href":"https:\/\/www.generali.es\/ser-agente\/wp-json\/wp\/v2\/users\/8"}],"replies":[{"embeddable":true,"href":"https:\/\/www.generali.es\/ser-agente\/wp-json\/wp\/v2\/comments?post=1156"}],"version-history":[{"count":3,"href":"https:\/\/www.generali.es\/ser-agente\/wp-json\/wp\/v2\/pages\/1156\/revisions"}],"predecessor-version":[{"id":1208,"href":"https:\/\/www.generali.es\/ser-agente\/wp-json\/wp\/v2\/pages\/1156\/revisions\/1208"}],"wp:featuredmedia":[{"embeddable":true,"href":"https:\/\/www.generali.es\/ser-agente\/wp-json\/wp\/v2\/media\/1237"}],"wp:attachment":[{"href":"https:\/\/www.generali.es\/ser-agente\/wp-json\/wp\/v2\/media?parent=1156"}],"curies":[{"name":"wp","href":"https:\/\/api.w.org\/{rel}","templated":true}]}}