{"id":4599,"date":"2023-06-07T12:40:58","date_gmt":"2023-06-07T10:40:58","guid":{"rendered":"https:\/\/generali.devhogarth.com\/blog\/tuasesorhogar\/?page_id=4599"},"modified":"2023-06-07T13:11:32","modified_gmt":"2023-06-07T11:11:32","slug":"contacta-con-nosotros","status":"publish","type":"page","link":"https:\/\/www.generali.es\/blog\/tuasesorhogar\/contacta-con-nosotros\/","title":{"rendered":"\u00bfTienes alguna duda sobre los seguros de hogar de GENERALI?"},"content":{"rendered":"<p><\/p>\n\n\n<p class=\"has-text-align-center\">Rellena el formulario y nuestros profesionales se pondr\u00e1n en contacto contigo lo m\u00e1s pronto posible:<\/p>\n\n\n\n<div style=\"width: 100%; display: flex; justify-content: center; align-items: center\"><a style=\"max-width: fit-content; width: 100%; height: 45px; background-color:#c21b17; color:#fff !important; display: flex; justify-content: center; align-items: center; padding: 0px 35px; font-family: inherit; text-decoration: none !important;\" href=\"\/blog\/tuasesorhogar\/solicitar-informacion\/\">INFORMACI\u00d3N SOBRE SEGUROS<\/a><\/div>\n\n\n\n<div style=\"height:40px\" aria-hidden=\"true\" class=\"wp-block-spacer\"><\/div>\n\n\n\n<p class=\"has-text-align-center\">Si tienes cualquier otra duda, <a href=\"https:\/\/www.generali.es\/contacto-generali\/atencion-al-cliente\" target=\"_blank\" aria-label=\"undefined (abre en una nueva pesta\u00f1a)\" rel=\"noreferrer noopener\">ponte en contacto con nosotros aqu\u00ed<\/a>.<\/p>\n\n\n\n<div style=\"height:70px\" aria-hidden=\"true\" class=\"wp-block-spacer\"><\/div>\n","protected":false},"excerpt":{"rendered":"<p>Rellena el formulario y nuestros profesionales se pondr\u00e1n en contacto contigo lo m\u00e1s pronto posible: INFORMACI\u00d3N SOBRE SEGUROS Si tienes cualquier otra duda, ponte en contacto con nosotros aqu\u00ed.<\/p>\n","protected":false},"author":1,"featured_media":0,"parent":0,"menu_order":0,"comment_status":"closed","ping_status":"closed","template":"page-templates\/no-sidebar.php","meta":{"footnotes":""},"yoast_head":"<!-- This site is optimized with the Yoast SEO plugin v21.6 - https:\/\/yoast.com\/wordpress\/plugins\/seo\/ -->\n<title>\u25b7 Contacto \u00b7 Tu Asesor Hogar GENERALI<\/title>\n<meta name=\"description\" content=\"\u00bfTienes alguna duda sobre el seguro de hogar de GENERALI? Cont\u00e1ctanos y nuestros profesionales contactar\u00e1n contigo lo m\u00e1s pronto posible\" \/>\n<meta name=\"robots\" content=\"index, follow, max-snippet:-1, max-image-preview:large, max-video-preview:-1\" \/>\n<link rel=\"canonical\" href=\"https:\/\/www.generali.es\/blog\/tuasesorhogar\/contacta-con-nosotros\/\" \/>\n<meta name=\"twitter:label1\" content=\"Tiempo de lectura\" \/>\n\t<meta name=\"twitter:data1\" content=\"1 minuto\" \/>\n<script type=\"application\/ld+json\" class=\"yoast-schema-graph\">{\"@context\":\"https:\/\/schema.org\",\"@graph\":[{\"@type\":\"WebPage\",\"@id\":\"https:\/\/www.generali.es\/blog\/tuasesorhogar\/contacta-con-nosotros\/\",\"url\":\"https:\/\/www.generali.es\/blog\/tuasesorhogar\/contacta-con-nosotros\/\",\"name\":\"\u25b7 Contacto \u00b7 Tu Asesor Hogar GENERALI\",\"isPartOf\":{\"@id\":\"https:\/\/www.generali.es\/blog\/tuasesorhogar\/#website\"},\"datePublished\":\"2023-06-07T10:40:58+00:00\",\"dateModified\":\"2023-06-07T11:11:32+00:00\",\"description\":\"\u00bfTienes alguna duda sobre el seguro de hogar de GENERALI? Cont\u00e1ctanos y nuestros profesionales contactar\u00e1n contigo lo m\u00e1s pronto posible\",\"breadcrumb\":{\"@id\":\"https:\/\/www.generali.es\/blog\/tuasesorhogar\/contacta-con-nosotros\/#breadcrumb\"},\"inLanguage\":\"es\",\"potentialAction\":[{\"@type\":\"ReadAction\",\"target\":[\"https:\/\/www.generali.es\/blog\/tuasesorhogar\/contacta-con-nosotros\/\"]}]},{\"@type\":\"BreadcrumbList\",\"@id\":\"https:\/\/www.generali.es\/blog\/tuasesorhogar\/contacta-con-nosotros\/#breadcrumb\",\"itemListElement\":[{\"@type\":\"ListItem\",\"position\":1,\"name\":\"Home\",\"item\":\"https:\/\/www.generali.es\/blog\/tuasesorhogar\/\"},{\"@type\":\"ListItem\",\"position\":2,\"name\":\"\u00bfTienes alguna duda sobre los seguros de hogar de GENERALI?\"}]},{\"@type\":\"WebSite\",\"@id\":\"https:\/\/www.generali.es\/blog\/tuasesorhogar\/#website\",\"url\":\"https:\/\/www.generali.es\/blog\/tuasesorhogar\/\",\"name\":\"Tu Asesor de Hogar\",\"description\":\"Blog de Hogar de GENERALI\",\"publisher\":{\"@id\":\"https:\/\/www.generali.es\/blog\/tuasesorhogar\/#organization\"},\"potentialAction\":[{\"@type\":\"SearchAction\",\"target\":{\"@type\":\"EntryPoint\",\"urlTemplate\":\"https:\/\/www.generali.es\/blog\/tuasesorhogar\/?s={search_term_string}\"},\"query-input\":\"required name=search_term_string\"}],\"inLanguage\":\"es\"},{\"@type\":\"Organization\",\"@id\":\"https:\/\/www.generali.es\/blog\/tuasesorhogar\/#organization\",\"name\":\"Tu Asesor de Hogar\",\"url\":\"https:\/\/www.generali.es\/blog\/tuasesorhogar\/\",\"logo\":{\"@type\":\"ImageObject\",\"inLanguage\":\"es\",\"@id\":\"https:\/\/www.generali.es\/blog\/tuasesorhogar\/#\/schema\/logo\/image\/\",\"url\":\"https:\/\/www.generali.es\/blog\/tuasesorhogar\/wp-content\/uploads\/2021\/04\/generali.png\",\"contentUrl\":\"https:\/\/www.generali.es\/blog\/tuasesorhogar\/wp-content\/uploads\/2021\/04\/generali.png\",\"width\":100,\"height\":81,\"caption\":\"Tu Asesor de Hogar\"},\"image\":{\"@id\":\"https:\/\/www.generali.es\/blog\/tuasesorhogar\/#\/schema\/logo\/image\/\"}}]}<\/script>\n<!-- \/ Yoast SEO plugin. -->","yoast_head_json":{"title":"\u25b7 Contacto \u00b7 Tu Asesor Hogar GENERALI","description":"\u00bfTienes alguna duda sobre el seguro de hogar de GENERALI? Cont\u00e1ctanos y nuestros profesionales contactar\u00e1n contigo lo m\u00e1s pronto posible","robots":{"index":"index","follow":"follow","max-snippet":"max-snippet:-1","max-image-preview":"max-image-preview:large","max-video-preview":"max-video-preview:-1"},"canonical":"https:\/\/www.generali.es\/blog\/tuasesorhogar\/contacta-con-nosotros\/","twitter_misc":{"Tiempo de lectura":"1 minuto"},"schema":{"@context":"https:\/\/schema.org","@graph":[{"@type":"WebPage","@id":"https:\/\/www.generali.es\/blog\/tuasesorhogar\/contacta-con-nosotros\/","url":"https:\/\/www.generali.es\/blog\/tuasesorhogar\/contacta-con-nosotros\/","name":"\u25b7 Contacto \u00b7 Tu Asesor Hogar GENERALI","isPartOf":{"@id":"https:\/\/www.generali.es\/blog\/tuasesorhogar\/#website"},"datePublished":"2023-06-07T10:40:58+00:00","dateModified":"2023-06-07T11:11:32+00:00","description":"\u00bfTienes alguna duda sobre el seguro de hogar de GENERALI? Cont\u00e1ctanos y nuestros profesionales contactar\u00e1n contigo lo m\u00e1s pronto posible","breadcrumb":{"@id":"https:\/\/www.generali.es\/blog\/tuasesorhogar\/contacta-con-nosotros\/#breadcrumb"},"inLanguage":"es","potentialAction":[{"@type":"ReadAction","target":["https:\/\/www.generali.es\/blog\/tuasesorhogar\/contacta-con-nosotros\/"]}]},{"@type":"BreadcrumbList","@id":"https:\/\/www.generali.es\/blog\/tuasesorhogar\/contacta-con-nosotros\/#breadcrumb","itemListElement":[{"@type":"ListItem","position":1,"name":"Home","item":"https:\/\/www.generali.es\/blog\/tuasesorhogar\/"},{"@type":"ListItem","position":2,"name":"\u00bfTienes alguna duda sobre los seguros de hogar de GENERALI?"}]},{"@type":"WebSite","@id":"https:\/\/www.generali.es\/blog\/tuasesorhogar\/#website","url":"https:\/\/www.generali.es\/blog\/tuasesorhogar\/","name":"Tu Asesor de Hogar","description":"Blog de Hogar de GENERALI","publisher":{"@id":"https:\/\/www.generali.es\/blog\/tuasesorhogar\/#organization"},"potentialAction":[{"@type":"SearchAction","target":{"@type":"EntryPoint","urlTemplate":"https:\/\/www.generali.es\/blog\/tuasesorhogar\/?s={search_term_string}"},"query-input":"required name=search_term_string"}],"inLanguage":"es"},{"@type":"Organization","@id":"https:\/\/www.generali.es\/blog\/tuasesorhogar\/#organization","name":"Tu Asesor de Hogar","url":"https:\/\/www.generali.es\/blog\/tuasesorhogar\/","logo":{"@type":"ImageObject","inLanguage":"es","@id":"https:\/\/www.generali.es\/blog\/tuasesorhogar\/#\/schema\/logo\/image\/","url":"https:\/\/www.generali.es\/blog\/tuasesorhogar\/wp-content\/uploads\/2021\/04\/generali.png","contentUrl":"https:\/\/www.generali.es\/blog\/tuasesorhogar\/wp-content\/uploads\/2021\/04\/generali.png","width":100,"height":81,"caption":"Tu Asesor de Hogar"},"image":{"@id":"https:\/\/www.generali.es\/blog\/tuasesorhogar\/#\/schema\/logo\/image\/"}}]}},"_links":{"self":[{"href":"https:\/\/www.generali.es\/blog\/tuasesorhogar\/wp-json\/wp\/v2\/pages\/4599"}],"collection":[{"href":"https:\/\/www.generali.es\/blog\/tuasesorhogar\/wp-json\/wp\/v2\/pages"}],"about":[{"href":"https:\/\/www.generali.es\/blog\/tuasesorhogar\/wp-json\/wp\/v2\/types\/page"}],"author":[{"embeddable":true,"href":"https:\/\/www.generali.es\/blog\/tuasesorhogar\/wp-json\/wp\/v2\/users\/1"}],"replies":[{"embeddable":true,"href":"https:\/\/www.generali.es\/blog\/tuasesorhogar\/wp-json\/wp\/v2\/comments?post=4599"}],"version-history":[{"count":13,"href":"https:\/\/www.generali.es\/blog\/tuasesorhogar\/wp-json\/wp\/v2\/pages\/4599\/revisions"}],"predecessor-version":[{"id":4618,"href":"https:\/\/www.generali.es\/blog\/tuasesorhogar\/wp-json\/wp\/v2\/pages\/4599\/revisions\/4618"}],"wp:attachment":[{"href":"https:\/\/www.generali.es\/blog\/tuasesorhogar\/wp-json\/wp\/v2\/media?parent=4599"}],"curies":[{"name":"wp","href":"https:\/\/api.w.org\/{rel}","templated":true}]}}